{"id":7057,"date":"2022-10-25T00:27:21","date_gmt":"2022-10-24T22:27:21","guid":{"rendered":"https:\/\/www.adolffranke-metall.de\/?page_id=7057"},"modified":"2023-04-10T17:27:05","modified_gmt":"2023-04-10T15:27:05","slug":"baugruppenmontage","status":"publish","type":"page","link":"https:\/\/www.adolf-franke.de\/?page_id=7057","title":{"rendered":"Baugruppenmontage"},"content":{"rendered":"<div data-colibri-id=\"7057-c1\" class=\"style-3553 style-local-7057-c1 position-relative\">\n  <!---->\n  <div data-colibri-component=\"section\" data-colibri-id=\"7057-c2\" id=\"about\" class=\"h-section h-section-global-spacing d-flex align-items-lg-center align-items-md-center align-items-center style-3621 style-local-7057-c2 position-relative\">\n    <!---->\n    <!---->\n    <div class=\"h-section-grid-container h-section-boxed-container\">\n      <!---->\n      <div data-colibri-id=\"7057-c3\" class=\"h-row-container gutters-row-lg-2 gutters-row-md-2 gutters-row-0 gutters-row-v-lg-2 gutters-row-v-md-2 gutters-row-v-2 style-3700 style-local-7057-c3 position-relative\">\n        <!---->\n        <div class=\"h-row justify-content-lg-center justify-content-md-center justify-content-center align-items-lg-stretch align-items-md-stretch align-items-stretch gutters-col-lg-2 gutters-col-md-2 gutters-col-0 gutters-col-v-lg-2 gutters-col-v-md-2 gutters-col-v-2\">\n          <!---->\n          <div class=\"h-column h-column-container d-flex h-col-lg-auto h-col-md-auto h-col-auto style-3701-outer style-local-7057-c4-outer\">\n            <div data-colibri-id=\"7057-c4\" class=\"d-flex h-flex-basis h-column__inner h-px-lg-2 h-px-md-2 h-px-2 v-inner-lg-2 v-inner-md-2 v-inner-2 style-3701 style-local-7057-c4 position-relative\">\n              <!---->\n              <!---->\n              <div class=\"w-100 h-y-container h-column__content h-column__v-align flex-basis-100 align-self-lg-start align-self-md-start align-self-start\">\n                <!---->\n                <div data-colibri-id=\"7057-c5\" class=\"h-global-transition-all h-heading style-3557 style-local-7057-c5 position-relative h-element\">\n                  <!---->\n                  <div class=\"h-heading__outer style-3557 style-local-7057-c5\">\n                    <!---->\n                    <!---->\n                    <h3 class=\"\"><span style=\"font-weight: 600; color: rgb(1, 51, 74);\">Baugruppenmontage mit zertifiziertem Qualit\u00e4t<\/span><\/h3>\n                  <\/div>\n                <\/div>\n              <\/div>\n            <\/div>\n          <\/div>\n        <\/div>\n      <\/div>\n      <div data-colibri-id=\"7057-c6\" class=\"h-row-container gutters-row-lg-3 gutters-row-md-3 gutters-row-0 gutters-row-v-lg-3 gutters-row-v-md-3 gutters-row-v-3 style-3622 style-local-7057-c6 h-overflow-hidden position-relative\">\n        <!---->\n        <div class=\"h-row justify-content-lg-center justify-content-md-center justify-content-center align-items-lg-end align-items-md-end align-items-end gutters-col-lg-3 gutters-col-md-3 gutters-col-0 gutters-col-v-lg-3 gutters-col-v-md-3 gutters-col-v-3\">\n          <!---->\n          <div class=\"h-column h-column-container d-flex h-col-lg-auto h-col-md-auto h-col-auto align-self-lg-end align-self-md-end align-self-end style-3623-outer style-local-7057-c7-outer\">\n            <div data-colibri-id=\"7057-c7\" class=\"d-flex h-flex-basis h-column__inner h-ui-empty-state-container h-px-lg-0 h-px-md-0 h-px-0 v-inner-lg-0 v-inner-md-0 v-inner-0 style-3623 style-local-7057-c7 position-relative\">\n              <!---->\n              <!---->\n              <div class=\"w-100 h-y-container h-column__content h-column__v-align flex-basis-100\">\n                <!---->\n              <\/div>\n            <\/div>\n          <\/div>\n          <div class=\"h-column h-column-container d-flex h-col-lg-auto h-col-md-auto h-col-auto align-self-lg-end align-self-md-end align-self-end style-3624-outer style-local-7057-c8-outer\">\n            <div data-colibri-id=\"7057-c8\" class=\"d-flex h-flex-basis h-column__inner h-ui-empty-state-container h-px-lg-0 h-px-md-0 h-px-0 v-inner-lg-0 v-inner-md-0 v-inner-0 style-3624 style-local-7057-c8 position-relative\">\n              <!---->\n              <!---->\n              <div class=\"w-100 h-y-container h-column__content h-column__v-align flex-basis-100\">\n                <!---->\n              <\/div>\n            <\/div>\n          <\/div>\n          <div class=\"h-column h-column-container d-flex h-col-lg-auto h-col-md-auto h-col-auto align-self-lg-end align-self-md-end align-self-end style-3625-outer style-local-7057-c9-outer\">\n            <div data-colibri-id=\"7057-c9\" class=\"d-flex h-flex-basis h-column__inner h-ui-empty-state-container h-px-lg-0 h-px-md-0 h-px-0 v-inner-lg-0 v-inner-md-0 v-inner-0 style-3625 style-local-7057-c9 position-relative\">\n              <!---->\n              <!---->\n              <div class=\"w-100 h-y-container h-column__content h-column__v-align flex-basis-100\">\n                <!---->\n              <\/div>\n            <\/div>\n          <\/div>\n        <\/div>\n      <\/div>\n      <div data-colibri-id=\"7057-c10\" class=\"h-row-container gutters-row-lg-0 gutters-row-md-0 gutters-row-0 gutters-row-v-lg-0 gutters-row-v-md-0 gutters-row-v-0 style-3633 style-local-7057-c10 position-relative\">\n        <!---->\n        <div class=\"h-row justify-content-lg-start justify-content-md-start justify-content-start align-items-lg-stretch align-items-md-stretch align-items-stretch gutters-col-lg-0 gutters-col-md-0 gutters-col-0 gutters-col-v-lg-0 gutters-col-v-md-0 gutters-col-v-0\">\n          <!---->\n          <div class=\"h-column h-column-container d-flex h-col-lg-auto h-col-md-auto h-col-auto style-3634-outer style-local-7057-c11-outer\">\n            <div data-colibri-id=\"7057-c11\" class=\"d-flex h-flex-basis h-column__inner h-px-lg-1 h-px-md-1 h-px-1 v-inner-lg-1 v-inner-md-1 v-inner-1 style-3634 style-local-7057-c11 position-relative\">\n              <!---->\n              <!---->\n              <div class=\"w-100 h-y-container h-column__content h-column__v-align flex-basis-100 align-self-lg-start align-self-md-start align-self-start\">\n                <!---->\n                <div data-colibri-id=\"7057-c12\" class=\"h-text h-text-component style-3636 style-local-7057-c12 position-relative h-element\">\n                  <!---->\n                  <!---->\n                  <div class=\"\">\n                    <p><span style=\"color: rgb(1, 51, 74); font-family: &quot;Open Sans&quot;; font-size: 15px; font-weight: 400;\">Sonderfertigung, koplexen Baugruppen bis zum Einzeilteile f\u00fchren wir Schwei\u00dfprozesse mit unsere erfahrene und zertifizierte Schwei\u00dfer Team sorgfaltig und durch unsere optimale Produktionssteuerungssystem bieten wir unsere Kunden sehr kurze Liefertermine.<\/span><\/p>\n                    <p><span style=\"color: rgb(1, 51, 74); font-family: &quot;Open Sans&quot;; font-size: 15px; font-weight: 400;\">\ufeffDurch die Kombination klassicher Baugruppenfertigung mit Adolf Franke Value Engineering Know how ist Adolf Franke ein besonders starker Partner im Bereich Baugruppenmontage. Diese Kombination erm\u00f6glicht uns, unseren Kunden innovative und kosteng\u00fcnstige Angebote auf ihre Anfragen zu bieten. Wir bearbeiten die Baugruppenmotnageauftr\u00e4ge nach der Erwartungen von unsere Kunden und mit Null-Fehler Strategie.<\/span><\/p>\n                  <\/div>\n                <\/div>\n              <\/div>\n            <\/div>\n          <\/div>\n        <\/div>\n      <\/div>\n      <div data-colibri-id=\"7057-c13\" class=\"h-row-container gutters-row-lg-2 gutters-row-md-2 gutters-row-0 gutters-row-v-lg-2 gutters-row-v-md-2 gutters-row-v-2 style-3709 style-local-7057-c13 position-relative\">\n        <!---->\n        <div class=\"h-row justify-content-lg-center justify-content-md-center justify-content-center align-items-lg-stretch align-items-md-stretch align-items-stretch gutters-col-lg-2 gutters-col-md-2 gutters-col-0 gutters-col-v-lg-2 gutters-col-v-md-2 gutters-col-v-2\">\n          <!---->\n          <div class=\"h-column h-column-container d-flex h-col-lg-auto h-col-md-auto h-col-auto style-3710-outer style-local-7057-c14-outer\">\n            <div data-colibri-id=\"7057-c14\" class=\"d-flex h-flex-basis h-column__inner h-px-lg-2 h-px-md-2 h-px-2 v-inner-lg-2 v-inner-md-2 v-inner-2 style-3710 style-local-7057-c14 position-relative\">\n              <!---->\n              <!---->\n              <div class=\"w-100 h-y-container h-column__content h-column__v-align flex-basis-100 align-self-lg-start align-self-md-start align-self-start\">\n                <!---->\n                <div data-colibri-id=\"7057-c15\" class=\"h-divider style-3713 style-local-7057-c15 position-relative h-element\">\n                  <!----><span class=\"h-divider__line style-3713-line style-local-7057-c15-line style-3713-line style-local-7057-c15-line\"><\/span><\/div>\n              <\/div>\n            <\/div>\n          <\/div>\n        <\/div>\n      <\/div>\n    <\/div>\n  <\/div>\n  <div data-colibri-component=\"section\" data-colibri-id=\"7057-c16\" id=\"custom-2\" class=\"h-section h-section-global-spacing d-flex align-items-lg-center align-items-md-center align-items-center style-3637 style-local-7057-c16 position-relative\">\n    <!---->\n    <!---->\n    <div class=\"h-section-grid-container h-section-boxed-container\">\n      <!---->\n      <div data-colibri-id=\"7057-c17\" class=\"h-row-container gutters-row-lg-2 gutters-row-md-2 gutters-row-0 gutters-row-v-lg-2 gutters-row-v-md-2 gutters-row-v-2 style-3640 style-local-7057-c17 position-relative\">\n        <!---->\n        <div class=\"h-row justify-content-lg-center justify-content-md-center justify-content-center align-items-lg-stretch align-items-md-stretch align-items-stretch gutters-col-lg-2 gutters-col-md-2 gutters-col-0 gutters-col-v-lg-2 gutters-col-v-md-2 gutters-col-v-2\">\n          <!---->\n          <div class=\"h-column h-column-container d-flex h-col-lg-auto h-col-md-auto h-col-auto style-3641-outer style-local-7057-c18-outer\">\n            <div data-colibri-id=\"7057-c18\" class=\"d-flex h-flex-basis h-column__inner h-px-lg-2 h-px-md-2 h-px-2 v-inner-lg-2 v-inner-md-2 v-inner-2 style-3641 style-local-7057-c18 position-relative\">\n              <!---->\n              <!---->\n              <div class=\"w-100 h-y-container h-column__content h-column__v-align flex-basis-100 align-self-lg-start align-self-md-start align-self-start\">\n                <!---->\n                <div data-colibri-id=\"7057-c19\" class=\"d-block style-3642 style-local-7057-c19 position-relative h-element\">\n                  <!---->\n                  <div class=\"h-image__frame-container-outer\">\n                    <div class=\"h-image__frame-container\">\n                      <!---->\n                      <!---->\n                      <img loading=\"lazy\" width=\"616\" height=\"494\" src=\"http:\/\/www.adolffranke-metall.de\/wp-content\/uploads\/2023\/03\/Screenshot-2022-11-14-210535.jpg\" class=\"wp-image-8758 style-3642-image style-local-7057-c19-image\" srcset=\"https:\/\/www.adolf-franke.de\/wp-content\/uploads\/2023\/03\/Screenshot-2022-11-14-210535.jpg 616w, https:\/\/www.adolf-franke.de\/wp-content\/uploads\/2023\/03\/Screenshot-2022-11-14-210535-300x241.jpg 300w\" sizes=\"(max-width: 616px) 100vw, 616px\" alt=\"\" \/>\n                      <div class=\"h-image__frame h-hide-lg h-hide-md h-hide-sm style-3642-frameImage style-local-7057-c19-frameImage\"><\/div>\n                    <\/div>\n                  <\/div>\n                <\/div>\n                <div data-colibri-id=\"7057-c20\" class=\"h-x-container style-3643 style-local-7057-c20 position-relative h-element\">\n                  <!---->\n                  <div class=\"h-x-container-inner style-dynamic-7057-c20-group style-3643-spacing style-local-7057-c20-spacing\"><span class=\"h-button__outer style-3644-outer style-local-7057-c21-outer d-inline-flex h-element\"><a h-use-smooth-scroll=\"true\" href=\"\"  data-colibri-id=\"7057-c21\" class=\"d-flex w-100 align-items-center h-button justify-content-lg-center justify-content-md-center justify-content-center style-3644 style-local-7057-c21 position-relative\"><!----><!----> <span>kontaktieren sie uns<\/span><\/a>\n                    <\/span>\n                  <\/div>\n                <\/div>\n              <\/div>\n            <\/div>\n          <\/div>\n        <\/div>\n      <\/div>\n    <\/div>\n  <\/div>\n<\/div>","protected":false},"excerpt":{"rendered":"<p>Baugruppenmontage mit zertifiziertem Qualit\u00e4t Sonderfertigung, koplexen Baugruppen bis zum Einzeilteile f\u00fchren wir Schwei\u00dfprozesse mit unsere erfahrene und zertifizierte Schwei\u00dfer Team sorgfaltig und durch unsere optimale Produktionssteuerungssystem bieten wir unsere Kunden sehr kurze Liefertermine. \ufeffDurch die Kombination klassicher Baugruppenfertigung mit Adolf Franke Value Engineering Know how ist Adolf Franke ein besonders starker Partner im Bereich Baugruppenmontage. [&hellip;]<\/p>\n","protected":false},"author":1,"featured_media":0,"parent":0,"menu_order":0,"comment_status":"closed","ping_status":"closed","template":"page-templates\/full-width-page.php","meta":[],"_links":{"self":[{"href":"https:\/\/www.adolf-franke.de\/index.php?rest_route=\/wp\/v2\/pages\/7057"}],"collection":[{"href":"https:\/\/www.adolf-franke.de\/index.php?rest_route=\/wp\/v2\/pages"}],"about":[{"href":"https:\/\/www.adolf-franke.de\/index.php?rest_route=\/wp\/v2\/types\/page"}],"author":[{"embeddable":true,"href":"https:\/\/www.adolf-franke.de\/index.php?rest_route=\/wp\/v2\/users\/1"}],"replies":[{"embeddable":true,"href":"https:\/\/www.adolf-franke.de\/index.php?rest_route=%2Fwp%2Fv2%2Fcomments&post=7057"}],"version-history":[{"count":7,"href":"https:\/\/www.adolf-franke.de\/index.php?rest_route=\/wp\/v2\/pages\/7057\/revisions"}],"predecessor-version":[{"id":9746,"href":"https:\/\/www.adolf-franke.de\/index.php?rest_route=\/wp\/v2\/pages\/7057\/revisions\/9746"}],"wp:attachment":[{"href":"https:\/\/www.adolf-franke.de\/index.php?rest_route=%2Fwp%2Fv2%2Fmedia&parent=7057"}],"curies":[{"name":"wp","href":"https:\/\/api.w.org\/{rel}","templated":true}]}}